{"id":3,"date":"2023-10-16T22:12:46","date_gmt":"2023-10-16T22:12:46","guid":{"rendered":"http:\/\/apptecbr.com\/?page_id=3"},"modified":"2024-02-26T09:04:15","modified_gmt":"2024-02-26T12:04:15","slug":"politica-de-privacidade","status":"publish","type":"page","link":"https:\/\/www.apptecbr.com\/pt-br\/politica-de-privacidade\/","title":{"rendered":"Politica de privacidade"},"content":{"rendered":"\t\t<div data-elementor-type=\"wp-page\" data-elementor-id=\"3\" class=\"elementor elementor-3\" data-elementor-post-type=\"page\">\n\t\t\t\t<div class=\"elementor-element elementor-element-09a7b22 e-flex e-con-boxed e-con e-parent\" data-id=\"09a7b22\" data-element_type=\"container\" data-e-type=\"container\" data-settings=\"{&quot;background_background&quot;:&quot;classic&quot;}\">\n\t\t\t\t\t<div class=\"e-con-inner\">\n\t\t\t\t<div class=\"elementor-element elementor-element-0041ee2 elementor-widget elementor-widget-spacer\" data-id=\"0041ee2\" data-element_type=\"widget\" data-e-type=\"widget\" data-widget_type=\"spacer.default\">\n\t\t\t\t<div class=\"elementor-widget-container\">\n\t\t\t\t\t\t\t<div class=\"elementor-spacer\">\n\t\t\t<div class=\"elementor-spacer-inner\"><\/div>\n\t\t<\/div>\n\t\t\t\t\t\t<\/div>\n\t\t\t\t<\/div>\n\t\t\t\t\t<\/div>\n\t\t\t\t<\/div>\n\t\t<div class=\"elementor-element elementor-element-9ac9c28 e-flex e-con-boxed e-con e-parent\" data-id=\"9ac9c28\" data-element_type=\"container\" data-e-type=\"container\" data-settings=\"{&quot;background_background&quot;:&quot;classic&quot;}\">\n\t\t\t\t\t<div class=\"e-con-inner\">\n\t\t\t\t<div class=\"elementor-element elementor-element-480973e elementor-widget elementor-widget-heading\" data-id=\"480973e\" data-element_type=\"widget\" data-e-type=\"widget\" data-widget_type=\"heading.default\">\n\t\t\t\t<div class=\"elementor-widget-container\">\n\t\t\t\t\t<h2 class=\"elementor-heading-title elementor-size-default\">POL\u00cdTICA DE PRIVACIDADE<\/h2>\t\t\t\t<\/div>\n\t\t\t\t<\/div>\n\t\t\t\t\t<\/div>\n\t\t\t\t<\/div>\n\t\t<div class=\"elementor-element elementor-element-752b1a7a e-flex e-con-boxed e-con e-parent\" data-id=\"752b1a7a\" data-element_type=\"container\" data-e-type=\"container\">\n\t\t\t\t\t<div class=\"e-con-inner\">\n\t\t\t\t<div class=\"elementor-element elementor-element-48386067 elementor-widget elementor-widget-text-editor\" data-id=\"48386067\" data-element_type=\"widget\" data-e-type=\"widget\" data-widget_type=\"text-editor.default\">\n\t\t\t\t<div class=\"elementor-widget-container\">\n\t\t\t\t\t\t\t\t\t<p>Este \u00e9 o website https:\/\/apptecbr.com<\/p><p>N\u00f3s podemos ser contatados por e-mail via nossa p\u00e1gina Contato.<\/p><p>A empresa respeita o direito \u00e0 privacidade e zela pela seguran\u00e7a dos dados pessoais de seus usu\u00e1rios.<\/p><p>A nossa Pol\u00edtica de Privacidade esclarece como coletamos e utilizamos as informa\u00e7\u00f5es para que nossos visitantes sintam-se seguros ao navegar e utilizar o nosso website.<\/p><p>A fim de proporcionar maior seguran\u00e7a e transpar\u00eancia, poderemos alterar periodicamente a Pol\u00edtica de Privacidade. Por favor confira-a periodicamente, e especialmente antes de voc\u00ea fornecer qualquer dado pessoal.<\/p><p>Ao utilizar este website, voc\u00ea concorda com os termos da presente Pol\u00edtica de Privacidade.<\/p><p>\u00a0<\/p><h5><span style=\"color: #000000;\"><strong>INFORMA\u00c7\u00d5ES COLETADAS<\/strong><\/span><\/h5><p>Nosso servidor n\u00e3o coleta automaticamente nenhuma informa\u00e7\u00e3o sobre o dom\u00ednio ou endere\u00e7o de e-mail de nossos visitantes.<\/p><p>Coletamos apenas mediante pr\u00e9via solicita\u00e7\u00e3o, o dom\u00ednio e endere\u00e7o de e-mail dos visitantes de nossa p\u00e1gina, os endere\u00e7os de e-mail daqueles que postam mensagens nos nossos f\u00f3runs, os endere\u00e7os de e-mail daqueles que se comunicam conosco atrav\u00e9s do nosso Chat ao vivo. Al\u00e9m disso, agregamos informa\u00e7\u00f5es sobre quais p\u00e1ginas os consumidores acessam ou visitam, informa\u00e7\u00f5es fornecidas voluntariamente pelos usu\u00e1rios, como as coletadas em pesquisas e no momento de registro no site, como nome e endere\u00e7o, n\u00famero de telefone, informa\u00e7\u00f5es de pagamento (ex.: n\u00famero de cart\u00e3o de cr\u00e9dito e endere\u00e7o de cobran\u00e7a).<\/p><p>Ao fornecer informa\u00e7\u00f5es atrav\u00e9s deste site, voc\u00ea consente com a coleta, uso e divulga\u00e7\u00e3o de informa\u00e7\u00f5es, de acordo com esta Pol\u00edtica de Privacidade.<\/p><p>\u00a0<\/p><h5><strong>USO DAS INFORMA\u00c7\u00d5ES COLETADAS:<\/strong><\/h5><p>As informa\u00e7\u00f5es que coletamos s\u00e3o usadas com o objetivo de melhorar o conte\u00fado de nosso website, notificar os usu\u00e1rios sobre as atualiza\u00e7\u00f5es dispon\u00edveis e para ofertas, promo\u00e7\u00f5es e campanhas de publicidade de nossos servi\u00e7os.<\/p><p>Com objetivos de estat\u00edstica e finalidades comerciais, informa\u00e7\u00f5es gerais dos usu\u00e1rios, sem identifica\u00e7\u00e3o, tais como dados geogr\u00e1ficos, demogr\u00e1ficos e de perfil de consumo poder\u00e3o ser divulgados a parceiros, patrocinadores, anunciantes ou a outras organiza\u00e7\u00f5es, sem que sejam revelados nomes ou outros dados pessoais.<\/p><p>A empresa n\u00e3o disponibiliza e-mails e demais informa\u00e7\u00f5es pessoais de usu\u00e1rios cadastrados a outras organiza\u00e7\u00f5es e\/ou parceiros, salvo quando expressamente autorizado ou em circunst\u00e2ncias previstas nesta Pol\u00edtica.<\/p><p>As pessoas que nos fornecerem seus n\u00fameros de telefone poder\u00e3o ser contatados pela empresa via telefone, com informa\u00e7\u00f5es a respeito de novos produtos e servi\u00e7os ou eventos pr\u00f3ximos. Se voc\u00ea n\u00e3o deseja receber essas liga\u00e7\u00f5es, por favor nos avise enviando um e-mail para o endere\u00e7o contato@apptecbr.com<\/p><p>\u00a0<\/p><h5><strong>A RESPEITO DE COOKIES:<\/strong><\/h5><p>Os cookies s\u00e3o utilizados para armazenar as prefer\u00eancias do usu\u00e1rio em seu computador e oferecer um servi\u00e7o personalizado. Servem para reconhecer, acompanhar seus h\u00e1bitos de navega\u00e7\u00e3o e alertar os visitantes sobre novas \u00e1reas que podem ser de seu interesse cada vez que retornarem ao nosso site.<\/p><p>A empresa usa cookies, tags e outras tecnologias similares para melhorar sua experi\u00eancia em nosso website e fornecer-lhe informa\u00e7\u00f5es adequadas \u00e0s suas necessidades.<\/p><p>Voc\u00ea poder\u00e1 recusar os cookies. Por favor, consulte as instru\u00e7\u00f5es de seu navegador para saber mais sobre cookies e sobre como desabilit\u00e1-los.<\/p><p>\u00a0<\/p><h5><strong>LINKS PARA OUTROS SITES:<\/strong><\/h5><p>Este website poder\u00e1 conter links para outros sites externos, parceiros e\/ou patrocinadores, que podem ter pol\u00edticas de privacidade diferentes das nossas, estando assim sujeitas \u00e0s suas pr\u00f3prias pr\u00e1ticas de obten\u00e7\u00e3o e uso de dados. Lembre-se que se voc\u00ea fornecer informa\u00e7\u00f5es pessoais em outros sites, f\u00f3runs ou chats, tais informa\u00e7\u00f5es poder\u00e3o ser recolhidas e utilizadas indevidamente por terceiros.<\/p><p>A empresa n\u00e3o se responsabiliza pelo conte\u00fado de tais sites nem pelo manuseio das informa\u00e7\u00f5es por terceiros. Por isso, recomendamos que nossos usu\u00e1rios sempre leiam as normas de relacionamento e pol\u00edtica de privacidade espec\u00edficas dentro do pr\u00f3prio site do parceiro ou patrocinador que colete suas informa\u00e7\u00f5es.<\/p><p>A Pol\u00edtica de Privacidade da empresa se aplica unicamente \u00e0s informa\u00e7\u00f5es coletadas pela empresa atrav\u00e9s do site\u00a0https:\/\/apptecbr.com<\/p><p>A empresa usa cookies, tags e outras tecnologias similares para melhorar sua experi\u00eancia em nosso website e fornecer-lhe informa\u00e7\u00f5es adequadas \u00e0s suas necessidades.<\/p><p>Voc\u00ea poder\u00e1 recusar os cookies. Por favor, consulte as instru\u00e7\u00f5es de seu navegador para saber mais sobre cookies e sobre como desabilit\u00e1-los.<\/p><p>\u00a0<\/p><h5><strong>CRIAN\u00c7AS:<\/strong><\/h5><p>Este site n\u00e3o se destina a menores de 13 anos de idade. A empresa n\u00e3o coleta ou solicita dados pessoalmente identific\u00e1veis de visitantes dessa faixa et\u00e1ria intencionalmente, exceto quando permitido pela respectiva legisla\u00e7\u00e3o. Qualquer pessoa que nos preste suas informa\u00e7\u00f5es pessoais atrav\u00e9s da empresa declara que tem 13 anos de idade ou mais.<\/p><p>Caso seu filho tenha enviado dados pessoais e voc\u00ea queira excluir tais dados dos nossos registros, poder\u00e1 faz\u00ea-lo atrav\u00e9s de solicita\u00e7\u00e3o para o e-mail contato@apptecbr.com<\/p><h5><strong>SEGURAN\u00c7A:<\/strong><\/h5><p>A empresa utiliza medidas de seguran\u00e7a comercialmente razo\u00e1veis para proteger as informa\u00e7\u00f5es contidas em nossos servidores e banco de dados. Contudo, sabe-se que nenhum sistema de seguran\u00e7a \u00e9 100% seguro. Deste modo, ainda que a empresa sempre fa\u00e7a o poss\u00edvel para proteger suas informa\u00e7\u00f5es pessoais, n\u00e3o temos como garantir a absoluta seguran\u00e7a dos nossos servidores. \u00c9 poss\u00edvel ainda que os dados fornecidos por voc\u00ea sejam interceptados por terceiros durante a transmiss\u00e3o. \u00c9 uma decis\u00e3o pessoal a utiliza\u00e7\u00e3o doo servi\u00e7o nessas condi\u00e7\u00f5es.<\/p><p>Quando recebemos e transferimos certos tipos de informa\u00e7\u00e3o confidencial, como informa\u00e7\u00f5es financeiras, dados de cart\u00e3o de cr\u00e9dito e afins, redirecionamos os visitantes a servidores seguros notificando-os atrav\u00e9s de uma janela pop-up em nosso website. Sempre que solicitamos um n\u00famero de cart\u00e3o de cr\u00e9dito esse n\u00famero ser\u00e1 transmitido no formato criptografado padr\u00e3o da ind\u00fastria, SSL (Secure Sockets Layer, camada de soquetes de seguran\u00e7a).<\/p><p>Sua senha \u00e9 secreta, mantenha-a em seguran\u00e7a e procure n\u00e3o divulga-la a ningu\u00e9m.<\/p><p>Caso voc\u00ea esque\u00e7a a sua senha, uma nova ser\u00e1 fornecida, mediante solicita\u00e7\u00e3o pr\u00e9via, e enviada para a sua conta de e-mail informada. Sugerimos que voc\u00ea escolha uma senha n\u00e3o \u00f3bvia, misturando letras e n\u00fameros. Lembre-se que voc\u00ea \u00e9 respons\u00e1vel pro manter o sigilo de suas senhas e qualquer informa\u00e7\u00e3o da sua conta da empresa.<\/p><p>N\u00e3o solicitaremos, em nenhuma hip\u00f3tese, seja por e-mail ou telefone, sua senha pessoal.<\/p><p>Recomendamos que voc\u00ea se desconecte de sua conta da empresa e feche a janela do seu navegador quando concluir sua navega\u00e7\u00e3o na internet. Este procedimento evita que terceiros tenham acesso aos seus dados pessoais, caso voc\u00ea compartilhe um computador com algu\u00e9m ou esteja usando um computador em local p\u00fablico.<\/p><p>\u00a0<\/p><h5><strong>COMO ATUALIZAR, CORRIGIR OU EXCLUIR SUAS INFORMA\u00c7\u00d5ES<\/strong>:<\/h5><p>Voc\u00ea \u00e9 respons\u00e1vel por manter suas informa\u00e7\u00f5es de registro completas e atualizadas. Para atualizar as suas informa\u00e7\u00f5es de registro, acesse a sua conta da empresa e fa\u00e7a a altera\u00e7\u00e3o desejada para alterar as suas prefer\u00eancias de usu\u00e1rio.<\/p><p>\u00a0<\/p><h5>DISPOSI\u00c7\u00d5ES GERAIS:<\/h5><p>Ao utilizar nosso website, voc\u00ea manifesta sua concord\u00e2ncia com esta Pol\u00edtica de Privacidade, que poder\u00e1 ser alterada periodicamente. Se voc\u00ea n\u00e3o concordar com esta Pol\u00edtica de Privacidade, n\u00e3o utilize o nosso website nem os servi\u00e7os nele oferecidos.<\/p><p>A empresa reserva-se o direito de alterar esta Pol\u00edtica de Privacidade, o que ser\u00e1 avisado aos nossos usu\u00e1rios por meios razo\u00e1veis, inclusive atrav\u00e9s de e-mail para o endere\u00e7o informado e\/ou publicando a notifica\u00e7\u00e3o e a pol\u00edtica alterada no site empresa.<\/p><p>A continua\u00e7\u00e3o do uso dos nossos servi\u00e7os e do website ap\u00f3s as altera\u00e7\u00f5es da Pol\u00edtica de Privacidade significa que voc\u00ea aceita e concorda com as mudan\u00e7as realizadas. As informa\u00e7\u00f5es coletadas ou fornecidas depois da atualiza\u00e7\u00e3o da Pol\u00edtica de Privacidade ser\u00e1 regida por esta \u00faltima.<\/p><p>ENTRE EM CONTATO:<\/p><p>Seus coment\u00e1rios s\u00e3o bem vindos. Caso voc\u00ea tenha d\u00favidas ou reclama\u00e7\u00f5es sobre a nossa Pol\u00edtica de Privacidade, entre em contato pelo e-mail contato@apptecbr.com<\/p><p>Se voc\u00ea entender que nosso website n\u00e3o est\u00e1 seguindo a pol\u00edtica informada, por favor entre em contato atrav\u00e9s do e-mail informado acima.\u00a0<\/p>\t\t\t\t\t\t\t\t<\/div>\n\t\t\t\t<\/div>\n\t\t\t\t\t<\/div>\n\t\t\t\t<\/div>\n\t\t\t\t<\/div>\n\t\t","protected":false},"excerpt":{"rendered":"<p>POL\u00cdTICA DE PRIVACIDADE Este \u00e9 o website https:\/\/apptecbr.com N\u00f3s podemos ser contatados por e-mail via nossa p\u00e1gina Contato. A empresa respeita o direito \u00e0 privacidade e zela pela seguran\u00e7a dos dados pessoais de seus usu\u00e1rios. A nossa Pol\u00edtica de Privacidade esclarece como coletamos e utilizamos as informa\u00e7\u00f5es para que nossos [&hellip;]<\/p>\n","protected":false},"author":1,"featured_media":0,"parent":0,"menu_order":0,"comment_status":"closed","ping_status":"open","template":"elementor_header_footer","meta":{"footnotes":""},"class_list":["post-3","page","type-page","status-publish","hentry"],"_links":{"self":[{"href":"https:\/\/www.apptecbr.com\/pt-br\/wp-json\/wp\/v2\/pages\/3","targetHints":{"allow":["GET"]}}],"collection":[{"href":"https:\/\/www.apptecbr.com\/pt-br\/wp-json\/wp\/v2\/pages"}],"about":[{"href":"https:\/\/www.apptecbr.com\/pt-br\/wp-json\/wp\/v2\/types\/page"}],"author":[{"embeddable":true,"href":"https:\/\/www.apptecbr.com\/pt-br\/wp-json\/wp\/v2\/users\/1"}],"replies":[{"embeddable":true,"href":"https:\/\/www.apptecbr.com\/pt-br\/wp-json\/wp\/v2\/comments?post=3"}],"version-history":[{"count":0,"href":"https:\/\/www.apptecbr.com\/pt-br\/wp-json\/wp\/v2\/pages\/3\/revisions"}],"wp:attachment":[{"href":"https:\/\/www.apptecbr.com\/pt-br\/wp-json\/wp\/v2\/media?parent=3"}],"curies":[{"name":"wp","href":"https:\/\/api.w.org\/{rel}","templated":true}]}}