{"id":260,"date":"2023-11-14T09:23:27","date_gmt":"2023-11-14T12:23:27","guid":{"rendered":"http:\/\/ac100882-27820.agiuscloud.net\/?page_id=260"},"modified":"2024-02-29T10:38:00","modified_gmt":"2024-02-29T13:38:00","slug":"politica-de-cookies","status":"publish","type":"page","link":"https:\/\/www.apptecbr.com\/pt-br\/politica-de-cookies\/","title":{"rendered":"Pol\u00edtica de cookies"},"content":{"rendered":"\t\t<div data-elementor-type=\"wp-page\" data-elementor-id=\"260\" class=\"elementor elementor-260\" data-elementor-post-type=\"page\">\n\t\t\t\t<div class=\"elementor-element elementor-element-8fd629e e-flex e-con-boxed e-con e-parent\" data-id=\"8fd629e\" data-element_type=\"container\" data-e-type=\"container\" data-settings=\"{&quot;background_background&quot;:&quot;classic&quot;}\">\n\t\t\t\t\t<div class=\"e-con-inner\">\n\t\t\t\t<div class=\"elementor-element elementor-element-f3d08e8 elementor-widget elementor-widget-spacer\" data-id=\"f3d08e8\" data-element_type=\"widget\" data-e-type=\"widget\" data-widget_type=\"spacer.default\">\n\t\t\t\t<div class=\"elementor-widget-container\">\n\t\t\t\t\t\t\t<div class=\"elementor-spacer\">\n\t\t\t<div class=\"elementor-spacer-inner\"><\/div>\n\t\t<\/div>\n\t\t\t\t\t\t<\/div>\n\t\t\t\t<\/div>\n\t\t\t\t\t<\/div>\n\t\t\t\t<\/div>\n\t\t<div class=\"elementor-element elementor-element-cfb9e3b e-flex e-con-boxed e-con e-parent\" data-id=\"cfb9e3b\" data-element_type=\"container\" data-e-type=\"container\" data-settings=\"{&quot;background_background&quot;:&quot;classic&quot;}\">\n\t\t\t\t\t<div class=\"e-con-inner\">\n\t\t\t\t<div class=\"elementor-element elementor-element-4670579 elementor-widget elementor-widget-heading\" data-id=\"4670579\" data-element_type=\"widget\" data-e-type=\"widget\" data-widget_type=\"heading.default\">\n\t\t\t\t<div class=\"elementor-widget-container\">\n\t\t\t\t\t<h2 class=\"elementor-heading-title elementor-size-default\">POL\u00cdTICA DE COOKIES<\/h2>\t\t\t\t<\/div>\n\t\t\t\t<\/div>\n\t\t\t\t\t<\/div>\n\t\t\t\t<\/div>\n\t\t<div class=\"elementor-element elementor-element-7d6ed493 e-flex e-con-boxed e-con e-parent\" data-id=\"7d6ed493\" data-element_type=\"container\" data-e-type=\"container\">\n\t\t\t\t\t<div class=\"e-con-inner\">\n\t\t\t\t<div class=\"elementor-element elementor-element-59cb33d6 elementor-widget elementor-widget-text-editor\" data-id=\"59cb33d6\" data-element_type=\"widget\" data-e-type=\"widget\" data-widget_type=\"text-editor.default\">\n\t\t\t\t<div class=\"elementor-widget-container\">\n\t\t\t\t\t\t\t\t\t<p><strong>QUAIS COOKIES O SITE APPTECBR UTILIZA E COM QUE FINALIDADES?<\/strong><\/p><p>Ao contr\u00e1rio do que algumas pessoas pensam, os cookies n\u00e3o s\u00e3o spam, ou v\u00edrus. S\u00e3o pequenos arquivos, gerados nos sites, e armazenados no navegador ou salvos em seu computador, onde ficar\u00e3o registradas informa\u00e7\u00f5es sobre as suas prefer\u00eancias de navega\u00e7\u00e3o. Estas informa\u00e7\u00f5es, permitem identific\u00e1-lo como um utilizador verdadeiro, e guardar as suas prefer\u00eancias pessoais, al\u00e9m de informa\u00e7\u00f5es t\u00e9cnicas como as visitas, ou o tempo de navega\u00e7\u00e3o no portal e seus canais, possibilitando acesso \u00e0s \u00e1reas sem ter que se registrar a cada visita e recordar as suas prefer\u00eancias de idioma, pa\u00eds, categorias, dentre outras. Atrav\u00e9s destas informa\u00e7\u00f5es \u00e9 poss\u00edvel medir a audi\u00eancia e os par\u00e2metros de navega\u00e7\u00e3o no portal.<\/p><p><strong>TIPOS DE COOKIES UTILIZADOS<\/strong><\/p><p>Cookies funcionais: S\u00e3o necess\u00e1rios para mostrar corretamente o site ou aplicativo, e garantir o seu correto funcionamento. Ajudam o visitante a ter uma experi\u00eancia de navega\u00e7\u00e3o mais objetiva pelo site. Um exemplo de utiliza\u00e7\u00e3o destes cookies \u00e9 a armazenagem sobre o idioma utilizado, \u00faltimas p\u00e1ginas visitadas, carrinhos de compra tempor\u00e1rios etc.<\/p><p>Cookies anal\u00edticos: S\u00e3o utilizados para analisar por exemplo a origem das visitas, dia e hora, plataforma, n\u00famero de cliques num banner, palavras de pesquisa de um visitante durante a navega\u00e7\u00e3o e busca no site. Desta forma, pode-se melhorar a experi\u00eancia do usu\u00e1rio e saber que conte\u00fado ou design s\u00e3o mais interessantes para o visitante.<\/p><p><strong>COOKIES PUBLICIT\u00c1RIOS<\/strong><\/p><p>Permitem mostrar ofertas relevantes para os interesses do visitante. Mostram an\u00fancios personalizados de forma anonima.<\/p><p><strong>COOKIES DE TERCEIROS<\/strong><\/p><p>S\u00e3o similares aos cookies anal\u00edticos mencionados anteriormente, por\u00e9m armazenados por ferramentas de terceiros, como por exemplo o Google Analytics, Pixels do Facebook, dentre outros, para coletar informa\u00e7\u00f5es an\u00f4nimas. Manter estes cookies ativados nos ajuda muito a melhorar a experi\u00eancia em nosso site.<\/p><p>\u00c9 poss\u00edvel desativar a utiliza\u00e7\u00e3o de cookies?<\/p><p>Sim, os cookies podem ser desativados no seu navegador a qualquer momento. Note-se, no entanto, que ao desativar os cookies, esta a\u00e7\u00e3o pode impedir que alguns servi\u00e7os da web funcionem incorretamente, afetando parcial ou totalmente a navega\u00e7\u00e3o no site.<\/p><p>Se pretende bloquear ou apagar os cookies deste site, pode faz\u00ea-lo modificando a configura\u00e7\u00e3o do seu navegador. Embora a parametriza\u00e7\u00e3o de cada um seja diferente, \u00e9 comum que se configure no menu de \u201cPrefer\u00eancias\u201d ou \u201cFerramentas\u201d. Para mais detalhes sobre a configura\u00e7\u00e3o dos cookies, consulte o menu \u201cAjuda\u201d do seu navegador. Cada navegador possui a sua forma de bloqueio e apagamento de cookies.<\/p><p>CHROME<br \/>EDGE<br \/>SAFARI(iOS)<br \/>SAFARI(Mac)<br \/>OPERA<br \/>FIREFOX<\/p><p>Em caso de d\u00favidas por favor utilize nossos canais de comunica\u00e7\u00e3o, existentes no site apptecbr.com<\/p>\t\t\t\t\t\t\t\t<\/div>\n\t\t\t\t<\/div>\n\t\t\t\t\t<\/div>\n\t\t\t\t<\/div>\n\t\t\t\t<\/div>\n\t\t","protected":false},"excerpt":{"rendered":"<p>POL\u00cdTICA DE COOKIES QUAIS COOKIES O SITE APPTECBR UTILIZA E COM QUE FINALIDADES? Ao contr\u00e1rio do que algumas pessoas pensam, os cookies n\u00e3o s\u00e3o spam, ou v\u00edrus. S\u00e3o pequenos arquivos, gerados nos sites, e armazenados no navegador ou salvos em seu computador, onde ficar\u00e3o registradas informa\u00e7\u00f5es sobre as suas prefer\u00eancias [&hellip;]<\/p>\n","protected":false},"author":1,"featured_media":0,"parent":0,"menu_order":0,"comment_status":"closed","ping_status":"closed","template":"elementor_header_footer","meta":{"footnotes":""},"class_list":["post-260","page","type-page","status-publish","hentry"],"_links":{"self":[{"href":"https:\/\/www.apptecbr.com\/pt-br\/wp-json\/wp\/v2\/pages\/260","targetHints":{"allow":["GET"]}}],"collection":[{"href":"https:\/\/www.apptecbr.com\/pt-br\/wp-json\/wp\/v2\/pages"}],"about":[{"href":"https:\/\/www.apptecbr.com\/pt-br\/wp-json\/wp\/v2\/types\/page"}],"author":[{"embeddable":true,"href":"https:\/\/www.apptecbr.com\/pt-br\/wp-json\/wp\/v2\/users\/1"}],"replies":[{"embeddable":true,"href":"https:\/\/www.apptecbr.com\/pt-br\/wp-json\/wp\/v2\/comments?post=260"}],"version-history":[{"count":1,"href":"https:\/\/www.apptecbr.com\/pt-br\/wp-json\/wp\/v2\/pages\/260\/revisions"}],"predecessor-version":[{"id":598,"href":"https:\/\/www.apptecbr.com\/pt-br\/wp-json\/wp\/v2\/pages\/260\/revisions\/598"}],"wp:attachment":[{"href":"https:\/\/www.apptecbr.com\/pt-br\/wp-json\/wp\/v2\/media?parent=260"}],"curies":[{"name":"wp","href":"https:\/\/api.w.org\/{rel}","templated":true}]}}