{"id":240,"date":"2023-11-06T11:41:10","date_gmt":"2023-11-06T14:41:10","guid":{"rendered":"http:\/\/ac100882-27820.agiuscloud.net\/?page_id=240"},"modified":"2024-02-27T17:46:55","modified_gmt":"2024-02-27T20:46:55","slug":"ndvr-connector","status":"publish","type":"page","link":"https:\/\/www.apptecbr.com\/pt-br\/ndvr-connector\/","title":{"rendered":"nDVR Connector"},"content":{"rendered":"\t\t<div data-elementor-type=\"wp-page\" data-elementor-id=\"240\" class=\"elementor elementor-240\" data-elementor-post-type=\"page\">\n\t\t\t\t<div class=\"elementor-element elementor-element-aa50082 e-flex e-con-boxed e-con e-parent\" data-id=\"aa50082\" data-element_type=\"container\" data-e-type=\"container\" data-settings=\"{&quot;background_background&quot;:&quot;classic&quot;}\">\n\t\t\t\t\t<div class=\"e-con-inner\">\n\t\t\t\t<div class=\"elementor-element elementor-element-004c892 elementor-widget elementor-widget-spacer\" data-id=\"004c892\" data-element_type=\"widget\" data-e-type=\"widget\" data-widget_type=\"spacer.default\">\n\t\t\t\t<div class=\"elementor-widget-container\">\n\t\t\t\t\t\t\t<div class=\"elementor-spacer\">\n\t\t\t<div class=\"elementor-spacer-inner\"><\/div>\n\t\t<\/div>\n\t\t\t\t\t\t<\/div>\n\t\t\t\t<\/div>\n\t\t\t\t\t<\/div>\n\t\t\t\t<\/div>\n\t\t<div class=\"elementor-element elementor-element-cc225d9 e-flex e-con-boxed e-con e-parent\" data-id=\"cc225d9\" data-element_type=\"container\" data-e-type=\"container\" data-settings=\"{&quot;background_background&quot;:&quot;classic&quot;}\">\n\t\t\t\t\t<div class=\"e-con-inner\">\n\t\t\t\t<div class=\"elementor-element elementor-element-89ca101 elementor-headline--style-highlight elementor-widget elementor-widget-animated-headline\" data-id=\"89ca101\" data-element_type=\"widget\" data-e-type=\"widget\" data-settings=\"{&quot;highlighted_text&quot;:&quot;&lt;span class=\\&quot;notranslate\\&quot;&gt;nDVR Connector&lt;\\\/span&gt;&quot;,&quot;headline_style&quot;:&quot;highlight&quot;,&quot;marker&quot;:&quot;circle&quot;,&quot;loop&quot;:&quot;yes&quot;,&quot;highlight_animation_duration&quot;:1200,&quot;highlight_iteration_delay&quot;:8000}\" data-widget_type=\"animated-headline.default\">\n\t\t\t\t<div class=\"elementor-widget-container\">\n\t\t\t\t\t\t\t<h3 class=\"elementor-headline\">\n\t\t\t\t\t<span class=\"elementor-headline-plain-text elementor-headline-text-wrapper\">Apptec<\/span>\n\t\t\t\t<span class=\"elementor-headline-dynamic-wrapper elementor-headline-text-wrapper\">\n\t\t\t\t\t<span class=\"elementor-headline-dynamic-text elementor-headline-text-active\"><span class=\"notranslate\">nDVR Connector<\/span><\/span>\n\t\t\t\t<\/span>\n\t\t\t\t<\/h3>\n\t\t\t\t\t\t<\/div>\n\t\t\t\t<\/div>\n\t\t\t\t\t<\/div>\n\t\t\t\t<\/div>\n\t\t<div class=\"elementor-element elementor-element-ab8abb9 e-flex e-con-boxed e-con e-parent\" data-id=\"ab8abb9\" data-element_type=\"container\" data-e-type=\"container\">\n\t\t\t\t\t<div class=\"e-con-inner\">\n\t\t\t\t<div class=\"elementor-element elementor-element-8bcb0b1 elementor-widget elementor-widget-image\" data-id=\"8bcb0b1\" data-element_type=\"widget\" data-e-type=\"widget\" data-widget_type=\"image.default\">\n\t\t\t\t<div class=\"elementor-widget-container\">\n\t\t\t\t\t\t\t\t\t\t\t\t\t\t\t<img fetchpriority=\"high\" decoding=\"async\" width=\"704\" height=\"430\" src=\"https:\/\/www.apptecbr.com\/pt-br\/wp-content\/uploads\/2024\/02\/ndvr-connector.webp\" class=\"attachment-large size-large wp-image-340\" alt=\"NDR Connector diagram\" srcset=\"https:\/\/www.apptecbr.com\/pt-br\/wp-content\/uploads\/2024\/02\/ndvr-connector.webp 704w, https:\/\/www.apptecbr.com\/pt-br\/wp-content\/uploads\/2024\/02\/ndvr-connector-300x183.webp 300w\" sizes=\"(max-width: 704px) 100vw, 704px\" \/>\t\t\t\t\t\t\t\t\t\t\t\t\t\t\t<\/div>\n\t\t\t\t<\/div>\n\t\t\t\t\t<\/div>\n\t\t\t\t<\/div>\n\t\t<div class=\"elementor-element elementor-element-618d9f8 e-flex e-con-boxed e-con e-parent\" data-id=\"618d9f8\" data-element_type=\"container\" data-e-type=\"container\">\n\t\t\t\t\t<div class=\"e-con-inner\">\n\t\t\t\t<div class=\"elementor-element elementor-element-5228114 elementor-widget elementor-widget-text-editor\" data-id=\"5228114\" data-element_type=\"widget\" data-e-type=\"widget\" data-widget_type=\"text-editor.default\">\n\t\t\t\t<div class=\"elementor-widget-container\">\n\t\t\t\t\t\t\t\t\t<p><span class=\"notranslate\">Apptec nDVR Connector<\/span>, ou simplesmente NDC, \u00e9 um software que permite a utiliza\u00e7\u00e3o de diferentes gravadores de v\u00eddeo em uma rede IPTV gerenciada pelo <span class=\"notranslate\">Minerva iTVFusion\u00ae<\/span>. Ele n\u00e3o s\u00f3 conecta os elementos \u2013 <span class=\"notranslate\">Minerva iTVLink\u00ae<\/span> e gravadores de v\u00eddeo em rede tais como, <span class=\"notranslate\">Anevia\u00ae, Elemental Delta\u00ae, Wowza\u00ae ou Flussonic\u00ae<\/span> \u2013 como tamb\u00e9m permite monitorar o funcionamento do subsistema de grava\u00e7\u00e3o em rede. O NDC fornece dados de LOG extensivos para facilitar a depura\u00e7\u00e3o em caso de mau funcionamento.<\/p><p>Ele pode operar em dois modos:\u00a0<\/p><p>\u2013 <strong>nDVR \u00fanico<\/strong>: Existe um relacionamento individual entre o <span class=\"notranslate\">Minerva iTVLink\u00ae<\/span> e o gravador, o que significa que cada grava\u00e7\u00e3o \u00e9 \u00fanica. O gravador receber\u00e1 o comando para agendar a grava\u00e7\u00e3o assim que o <span class=\"notranslate\">Minerva iTVLink\u00ae<\/span> emitir uma chamada \u201ccriar grava\u00e7\u00e3o\u201d. Da mesma forma, a exclus\u00e3o da grava\u00e7\u00e3o \u00e9 feita assim que o <span class=\"notranslate\">Minerva iTVLink\u00ae<\/span> emite uma chamada \u201cremover grava\u00e7\u00e3o&#8221;. Neste modo, o NDC n\u00e3o precisa saber antecipadamente quais canais ser\u00e3o gravados. O NDC aceita as solicita\u00e7\u00f5es e as repassa ao gravador sem se importar com quem as est\u00e1 enviando e qual \u00e9 o canal alvo.<\/p><p>\u2013 <strong>M\u00faltiplos nDVRs<\/strong>: Neste modo, dois ou mais <span class=\"notranslate\">Minerva iTVLink\u00ae<\/span> podem compartilhar um \u00fanico ou v\u00e1rios gravadores. As grava\u00e7\u00f5es podem ser \u00fanicas, exclusivas para um <span class=\"notranslate\">Minerva iTVLink\u00ae<\/span>, ou compartilhadas por dois ou mais <span class=\"notranslate\">Minerva iTVLink\u00ae<\/span>. Este \u00faltimo ocorre quando um mesmo programa (mesmo canal e mesma data e hora de in\u00edcio) \u00e9 gravado por mais de um <span class=\"notranslate\">Minerva iTVLink\u00ae<\/span>. Para permitir grava\u00e7\u00f5es compartilhadas, o NDC implementa o conceito de Grupos de Canais. Um Grupo de Canais \u00e9 o que agrupa dois ou mais canais, identificados por seus IDs de canal em diferentes <span class=\"notranslate\">Minerva iTVLink\u00ae<\/span>.<\/p><p>Usar o NDC neste modo de opera\u00e7\u00e3o reduz significativamente o custo do ecossistema de grava\u00e7\u00e3o, pois um \u00fanico gravador e o sistema de distribui\u00e7\u00e3o <span class=\"notranslate\">(Edge Servers e CDN)<\/span> podem ser compartilhados por v\u00e1rios operadores. Um uso para o modo &#8220;M\u00faltiplos nDVRs\u201d \u00e9 para operadores federados, onde existem v\u00e1rios <span class=\"notranslate\">Minerva iTVLink\u00ae<\/span>.<\/p>\t\t\t\t\t\t\t\t<\/div>\n\t\t\t\t<\/div>\n\t\t\t\t\t<\/div>\n\t\t\t\t<\/div>\n\t\t<div class=\"elementor-element elementor-element-fec4856 e-flex e-con-boxed e-con e-parent\" data-id=\"fec4856\" data-element_type=\"container\" data-e-type=\"container\" data-settings=\"{&quot;background_background&quot;:&quot;classic&quot;}\">\n\t\t\t\t\t<div class=\"e-con-inner\">\n\t\t\t\t<div class=\"elementor-element elementor-element-9b49ef6 elementor-widget elementor-widget-menu-anchor\" data-id=\"9b49ef6\" data-element_type=\"widget\" data-e-type=\"widget\" data-widget_type=\"menu-anchor.default\">\n\t\t\t\t<div class=\"elementor-widget-container\">\n\t\t\t\t\t\t\t<div class=\"elementor-menu-anchor\" id=\"contato\"><\/div>\n\t\t\t\t\t\t<\/div>\n\t\t\t\t<\/div>\n\t\t\t\t<div class=\"elementor-element elementor-element-798aa43 elementor-widget elementor-widget-heading\" data-id=\"798aa43\" data-element_type=\"widget\" data-e-type=\"widget\" data-widget_type=\"heading.default\">\n\t\t\t\t<div class=\"elementor-widget-container\">\n\t\t\t\t\t<h2 class=\"elementor-heading-title elementor-size-default\">Fale Conosco<\/h2>\t\t\t\t<\/div>\n\t\t\t\t<\/div>\n\t\t\t\t\t<\/div>\n\t\t\t\t<\/div>\n\t\t<div class=\"elementor-element elementor-element-2e8338a e-flex e-con-boxed e-con e-parent\" data-id=\"2e8338a\" data-element_type=\"container\" data-e-type=\"container\" data-settings=\"{&quot;background_background&quot;:&quot;classic&quot;}\">\n\t\t\t\t\t<div class=\"e-con-inner\">\n\t\t<div class=\"elementor-element elementor-element-99c9658 e-con-full e-flex e-con e-child\" data-id=\"99c9658\" data-element_type=\"container\" data-e-type=\"container\">\n\t\t\t\t<\/div>\n\t\t<div class=\"elementor-element elementor-element-31732b0 e-con-full e-flex e-con e-child\" data-id=\"31732b0\" data-element_type=\"container\" data-e-type=\"container\">\n\t\t\t\t<div class=\"elementor-element elementor-element-a243f21 elementor-widget elementor-widget-text-editor\" data-id=\"a243f21\" data-element_type=\"widget\" data-e-type=\"widget\" data-widget_type=\"text-editor.default\">\n\t\t\t\t<div class=\"elementor-widget-container\">\n\t\t\t\t\t\t\t\t\t<p>Conhe\u00e7a melhor nossos produtos<\/p>\t\t\t\t\t\t\t\t<\/div>\n\t\t\t\t<\/div>\n\t\t\t\t<\/div>\n\t\t<div class=\"elementor-element elementor-element-7f24c1d e-con-full e-flex e-con e-child\" data-id=\"7f24c1d\" data-element_type=\"container\" data-e-type=\"container\">\n\t\t\t\t<div class=\"elementor-element elementor-element-3d3faf7 elementor-button-align-stretch elementor-widget elementor-widget-global elementor-global-388 elementor-widget-form\" data-id=\"3d3faf7\" data-element_type=\"widget\" data-e-type=\"widget\" data-settings=\"{&quot;step_next_label&quot;:&quot;Next&quot;,&quot;step_previous_label&quot;:&quot;Previous&quot;,&quot;button_width&quot;:&quot;100&quot;,&quot;step_type&quot;:&quot;number_text&quot;,&quot;step_icon_shape&quot;:&quot;circle&quot;}\" data-widget_type=\"form.default\">\n\t\t\t\t<div class=\"elementor-widget-container\">\n\t\t\t\t\t\t\t<form class=\"elementor-form\" method=\"post\" name=\"New Form\" aria-label=\"New Form\">\n\t\t\t<input type=\"hidden\" name=\"post_id\" value=\"240\"\/>\n\t\t\t<input type=\"hidden\" name=\"form_id\" value=\"3d3faf7\"\/>\n\t\t\t<input type=\"hidden\" name=\"referer_title\" value=\"\" \/>\n\n\t\t\t\n\t\t\t<div class=\"elementor-form-fields-wrapper elementor-labels-above\">\n\t\t\t\t\t\t\t\t<div class=\"elementor-field-type-text elementor-field-group elementor-column elementor-field-group-name elementor-col-100\">\n\t\t\t\t\t\t\t\t\t\t\t\t<label for=\"form-field-name\" class=\"elementor-field-label\">\n\t\t\t\t\t\t\t\tNome Completo\t\t\t\t\t\t\t<\/label>\n\t\t\t\t\t\t\t\t\t\t\t\t\t\t<input size=\"1\" type=\"text\" name=\"form_fields[name]\" id=\"form-field-name\" class=\"elementor-field elementor-size-sm  elementor-field-textual\" placeholder=\"Digite seu nome\">\n\t\t\t\t\t\t\t\t\t\t\t<\/div>\n\t\t\t\t\t\t\t\t<div class=\"elementor-field-type-text elementor-field-group elementor-column elementor-field-group-field_2a7052b elementor-col-100\">\n\t\t\t\t\t\t\t\t\t\t\t\t<label for=\"form-field-field_2a7052b\" class=\"elementor-field-label\">\n\t\t\t\t\t\t\t\tEmpresa (opcional)\t\t\t\t\t\t\t<\/label>\n\t\t\t\t\t\t\t\t\t\t\t\t\t\t<input size=\"1\" type=\"text\" name=\"form_fields[field_2a7052b]\" id=\"form-field-field_2a7052b\" class=\"elementor-field elementor-size-sm  elementor-field-textual\" placeholder=\"Digite o nome de sua empresa\">\n\t\t\t\t\t\t\t\t\t\t\t<\/div>\n\t\t\t\t\t\t\t\t<div class=\"elementor-field-type-email elementor-field-group elementor-column elementor-field-group-email elementor-col-100 elementor-field-required\">\n\t\t\t\t\t\t\t\t\t\t\t\t<label for=\"form-field-email\" class=\"elementor-field-label\">\n\t\t\t\t\t\t\t\tEmail\t\t\t\t\t\t\t<\/label>\n\t\t\t\t\t\t\t\t\t\t\t\t\t\t<input size=\"1\" type=\"email\" name=\"form_fields[email]\" id=\"form-field-email\" class=\"elementor-field elementor-size-sm  elementor-field-textual\" placeholder=\"Seu melhor email\" required=\"required\">\n\t\t\t\t\t\t\t\t\t\t\t<\/div>\n\t\t\t\t\t\t\t\t<div class=\"elementor-field-type-text elementor-field-group elementor-column elementor-field-group-field_d2813ab elementor-col-100\">\n\t\t\t\t\t\t\t\t\t\t\t\t<label for=\"form-field-field_d2813ab\" class=\"elementor-field-label\">\n\t\t\t\t\t\t\t\tMobile\/Whatsapp (opcional)\t\t\t\t\t\t\t<\/label>\n\t\t\t\t\t\t\t\t\t\t\t\t\t\t<input size=\"1\" type=\"text\" name=\"form_fields[field_d2813ab]\" id=\"form-field-field_d2813ab\" class=\"elementor-field elementor-size-sm  elementor-field-textual\" placeholder=\"Seu celular e whatsapp\">\n\t\t\t\t\t\t\t\t\t\t\t<\/div>\n\t\t\t\t\t\t\t\t<div class=\"elementor-field-type-textarea elementor-field-group elementor-column elementor-field-group-message elementor-col-100\">\n\t\t\t\t\t\t\t\t\t\t\t\t<label for=\"form-field-message\" class=\"elementor-field-label\">\n\t\t\t\t\t\t\t\tMensagem\t\t\t\t\t\t\t<\/label>\n\t\t\t\t\t\t<textarea class=\"elementor-field-textual elementor-field  elementor-size-sm\" name=\"form_fields[message]\" id=\"form-field-message\" rows=\"4\" placeholder=\"Mensagem\"><\/textarea>\t\t\t\t<\/div>\n\t\t\t\t\t\t\t\t<div class=\"elementor-field-type-text\">\n\t\t\t\t\t<input size=\"1\" type=\"text\" name=\"form_fields[field_f3784d0]\" id=\"form-field-field_f3784d0\" class=\"elementor-field elementor-size-sm \" style=\"display:none !important;\">\t\t\t\t<\/div>\n\t\t\t\t\t\t\t\t<div class=\"elementor-field-type-recaptcha_v3 elementor-field-group elementor-column elementor-field-group-field_3e19a63 elementor-col-100 recaptcha_v3-bottomright\">\n\t\t\t\t\t<div class=\"elementor-field\" id=\"form-field-field_3e19a63\"><div class=\"elementor-g-recaptcha\" data-sitekey=\"6LeAg94aAAAAAHi8VJ7bQ82_5MCRkiewDNH8DKZ5\" data-type=\"v3\" data-action=\"Form\" data-badge=\"bottomright\" data-size=\"invisible\"><\/div><\/div>\t\t\t\t<\/div>\n\t\t\t\t\t\t\t\t<div class=\"elementor-field-group elementor-column elementor-field-type-submit elementor-col-100 e-form__buttons\">\n\t\t\t\t\t<button class=\"elementor-button elementor-size-sm\" type=\"submit\">\n\t\t\t\t\t\t<span class=\"elementor-button-content-wrapper\">\n\t\t\t\t\t\t\t\t\t\t\t\t\t\t\t\t\t\t\t\t\t\t<span class=\"elementor-button-text\">Envie<\/span>\n\t\t\t\t\t\t\t\t\t\t\t\t\t<\/span>\n\t\t\t\t\t<\/button>\n\t\t\t\t<\/div>\n\t\t\t<\/div>\n\t\t<\/form>\n\t\t\t\t\t\t<\/div>\n\t\t\t\t<\/div>\n\t\t\t\t<\/div>\n\t\t\t\t\t<\/div>\n\t\t\t\t<\/div>\n\t\t\t\t<\/div>\n\t\t","protected":false},"excerpt":{"rendered":"<p>Apptec nDVR Connector Apptec nDVR Connector, ou simplesmente NDC, \u00e9 um software que permite a utiliza\u00e7\u00e3o de diferentes gravadores de v\u00eddeo em uma rede IPTV gerenciada pelo Minerva iTVFusion\u00ae. Ele n\u00e3o s\u00f3 conecta os elementos \u2013 Minerva iTVLink\u00ae e gravadores de v\u00eddeo em rede tais como, Anevia\u00ae, Elemental Delta\u00ae, Wowza\u00ae [&hellip;]<\/p>\n","protected":false},"author":1,"featured_media":0,"parent":0,"menu_order":0,"comment_status":"closed","ping_status":"closed","template":"elementor_header_footer","meta":{"footnotes":""},"class_list":["post-240","page","type-page","status-publish","hentry"],"_links":{"self":[{"href":"https:\/\/www.apptecbr.com\/pt-br\/wp-json\/wp\/v2\/pages\/240","targetHints":{"allow":["GET"]}}],"collection":[{"href":"https:\/\/www.apptecbr.com\/pt-br\/wp-json\/wp\/v2\/pages"}],"about":[{"href":"https:\/\/www.apptecbr.com\/pt-br\/wp-json\/wp\/v2\/types\/page"}],"author":[{"embeddable":true,"href":"https:\/\/www.apptecbr.com\/pt-br\/wp-json\/wp\/v2\/users\/1"}],"replies":[{"embeddable":true,"href":"https:\/\/www.apptecbr.com\/pt-br\/wp-json\/wp\/v2\/comments?post=240"}],"version-history":[{"count":6,"href":"https:\/\/www.apptecbr.com\/pt-br\/wp-json\/wp\/v2\/pages\/240\/revisions"}],"predecessor-version":[{"id":408,"href":"https:\/\/www.apptecbr.com\/pt-br\/wp-json\/wp\/v2\/pages\/240\/revisions\/408"}],"wp:attachment":[{"href":"https:\/\/www.apptecbr.com\/pt-br\/wp-json\/wp\/v2\/media?parent=240"}],"curies":[{"name":"wp","href":"https:\/\/api.w.org\/{rel}","templated":true}]}}